{"id":159,"date":"2023-02-04T19:54:42","date_gmt":"2023-02-04T19:54:42","guid":{"rendered":"https:\/\/kokkenbom.no\/?page_id=159"},"modified":"2023-02-04T19:56:35","modified_gmt":"2023-02-04T19:56:35","slug":"fisk","status":"publish","type":"page","link":"http:\/\/kokkenbom.no\/?page_id=159","title":{"rendered":"Fisk"},"content":{"rendered":"\n<figure class=\"wp-block-image size-large is-resized\"><a href=\"http:\/\/kokkenbom.no\/wp-content\/uploads\/2023\/02\/IMG_8866-scaled.jpeg\"><img loading=\"lazy\" decoding=\"async\" src=\"http:\/\/kokkenbom.no\/wp-content\/uploads\/2023\/02\/IMG_8866-768x1024.jpeg\" alt=\"\" class=\"wp-image-138\" width=\"259\" height=\"345\"\/><\/a><\/figure>\n\n\n\n<p>Stekt seifilet<\/p>\n\n\n\n<p>Ca 400 gram seifilet i stykker<\/p>\n\n\n\n<p>1 ss olje<\/p>\n\n\n\n<p>50 gram meierism\u00f8r<\/p>\n\n\n\n<p>2 ss Soyasaus, gjerne med mindre salt<\/p>\n\n\n\n<p>Salt<\/p>\n\n\n\n<p>Pepper<\/p>\n\n\n\n<p>En bunt Timian<\/p>\n\n\n\n<p>Ruccola<\/p>\n\n\n\n<p>Hvitl\u00f8k i b\u00e5ter<\/p>\n\n\n\n<p>Stek fisken i oljen. Tre minutter p\u00e5 hver side p\u00e5 medium varme, til de har f\u00e5tt fin farge.<\/p>\n\n\n\n<p>Ha p\u00e5 salt og pepper etter at du har snudd filetene.<\/p>\n\n\n\n<p>Grovknus 2-3 hvitl\u00f8ksfedd med skallet p\u00e5 og legg i pannen. Dette gir god smak.<\/p>\n\n\n\n<p>N\u00e5r fisken er nesten ferdig stekt, legg sm\u00f8ret i pannen.&nbsp;<\/p>\n\n\n\n<p>For mer smak kan du fordele en bunt timian rundt i pannen, ha i 2 SS med soyasaus.<\/p>\n\n\n\n<p>Serveres gjerne med potetmos og litt ruccola.<\/p>\n","protected":false},"excerpt":{"rendered":"<p>Stekt seifilet Ca 400 gram seifilet i stykker 1 ss olje 50 gram meierism\u00f8r 2 ss Soyasaus, gjerne med mindre salt Salt Pepper En bunt Timian Ruccola Hvitl\u00f8k i b\u00e5ter Stek fisken i oljen. Tre minutter p\u00e5 hver side p\u00e5 medium varme, til de har f\u00e5tt fin farge. Ha p\u00e5 salt og pepper etter at&#8230;<\/p>\n","protected":false},"author":1,"featured_media":0,"parent":0,"menu_order":0,"comment_status":"closed","ping_status":"closed","template":"","meta":{"footnotes":""},"class_list":["post-159","page","type-page","status-publish","hentry"],"_links":{"self":[{"href":"http:\/\/kokkenbom.no\/index.php?rest_route=\/wp\/v2\/pages\/159","targetHints":{"allow":["GET"]}}],"collection":[{"href":"http:\/\/kokkenbom.no\/index.php?rest_route=\/wp\/v2\/pages"}],"about":[{"href":"http:\/\/kokkenbom.no\/index.php?rest_route=\/wp\/v2\/types\/page"}],"author":[{"embeddable":true,"href":"http:\/\/kokkenbom.no\/index.php?rest_route=\/wp\/v2\/users\/1"}],"replies":[{"embeddable":true,"href":"http:\/\/kokkenbom.no\/index.php?rest_route=%2Fwp%2Fv2%2Fcomments&post=159"}],"version-history":[{"count":3,"href":"http:\/\/kokkenbom.no\/index.php?rest_route=\/wp\/v2\/pages\/159\/revisions"}],"predecessor-version":[{"id":174,"href":"http:\/\/kokkenbom.no\/index.php?rest_route=\/wp\/v2\/pages\/159\/revisions\/174"}],"wp:attachment":[{"href":"http:\/\/kokkenbom.no\/index.php?rest_route=%2Fwp%2Fv2%2Fmedia&parent=159"}],"curies":[{"name":"wp","href":"https:\/\/api.w.org\/{rel}","templated":true}]}}