{"id":207,"date":"2023-02-04T23:09:54","date_gmt":"2023-02-04T23:09:54","guid":{"rendered":"https:\/\/kokkenbom.no\/?page_id=207"},"modified":"2023-02-04T23:14:04","modified_gmt":"2023-02-04T23:14:04","slug":"om-oss","status":"publish","type":"page","link":"http:\/\/kokkenbom.no\/?page_id=207","title":{"rendered":"Om Oss"},"content":{"rendered":"\n<p>Kokken Bom driver med butikkdeme p\u00e5 Vestlandet. Siden 2007 har v\u00e5re fagl\u00e6rte kokker servert smakspr\u00f8ver til interesserte kunder i de fleste dagligvarebutikker i Bergensomr\u00e5det, Haugesund, F\u00f8rde og Stavanger.<\/p>\n\n\n\n<p>Vi har ogs\u00e5 en rekke gode oppskrifter vi \u00f8nsker \u00e5 dele med dere. De tenker vi \u00e5 legge ut her, s\u00e5 kan du ogs\u00e5 f\u00e5 smake Kokken Bom sine velsmakende retter.<\/p>\n\n\n\n<p><\/p>\n\n\n\n<p>Kontakt oss gjerne p\u00e5<\/p>\n\n\n\n<p>post(at)kokkenbom.no<\/p>\n","protected":false},"excerpt":{"rendered":"<p>Kokken Bom driver med butikkdeme p\u00e5 Vestlandet. Siden 2007 har v\u00e5re fagl\u00e6rte kokker servert smakspr\u00f8ver til interesserte kunder i de fleste dagligvarebutikker i Bergensomr\u00e5det, Haugesund, F\u00f8rde og Stavanger. Vi har ogs\u00e5 en rekke gode oppskrifter vi \u00f8nsker \u00e5 dele med dere. De tenker vi \u00e5 legge ut her, s\u00e5 kan du ogs\u00e5 f\u00e5 smake Kokken&#8230;<\/p>\n","protected":false},"author":1,"featured_media":0,"parent":0,"menu_order":0,"comment_status":"closed","ping_status":"closed","template":"","meta":{"footnotes":""},"class_list":["post-207","page","type-page","status-publish","hentry"],"_links":{"self":[{"href":"http:\/\/kokkenbom.no\/index.php?rest_route=\/wp\/v2\/pages\/207","targetHints":{"allow":["GET"]}}],"collection":[{"href":"http:\/\/kokkenbom.no\/index.php?rest_route=\/wp\/v2\/pages"}],"about":[{"href":"http:\/\/kokkenbom.no\/index.php?rest_route=\/wp\/v2\/types\/page"}],"author":[{"embeddable":true,"href":"http:\/\/kokkenbom.no\/index.php?rest_route=\/wp\/v2\/users\/1"}],"replies":[{"embeddable":true,"href":"http:\/\/kokkenbom.no\/index.php?rest_route=%2Fwp%2Fv2%2Fcomments&post=207"}],"version-history":[{"count":4,"href":"http:\/\/kokkenbom.no\/index.php?rest_route=\/wp\/v2\/pages\/207\/revisions"}],"predecessor-version":[{"id":215,"href":"http:\/\/kokkenbom.no\/index.php?rest_route=\/wp\/v2\/pages\/207\/revisions\/215"}],"wp:attachment":[{"href":"http:\/\/kokkenbom.no\/index.php?rest_route=%2Fwp%2Fv2%2Fmedia&parent=207"}],"curies":[{"name":"wp","href":"https:\/\/api.w.org\/{rel}","templated":true}]}}